{"id":1941,"date":"2022-11-17T12:07:29","date_gmt":"2022-11-17T11:07:29","guid":{"rendered":"https:\/\/citywalks-frankfurt.de\/?page_id=1941"},"modified":"2024-10-07T11:38:05","modified_gmt":"2024-10-07T09:38:05","slug":"frankfurt-meine-ideale-lebensstadt","status":"publish","type":"page","link":"https:\/\/citywalks-frankfurt.de\/index.php\/frankfurt-meine-ideale-lebensstadt\/","title":{"rendered":",,Frankfurt \u2013 meine ideale Lebensstadt\u201c"},"content":{"rendered":"<div class=\"fusion-fullwidth fullwidth-box fusion-builder-row-1 fusion-flex-container nonhundred-percent-fullwidth non-hundred-percent-height-scrolling\" style=\"--awb-border-radius-top-left:0px;--awb-border-radius-top-right:0px;--awb-border-radius-bottom-right:0px;--awb-border-radius-bottom-left:0px;--awb-flex-wrap:wrap;\" ><div class=\"fusion-builder-row fusion-row fusion-flex-align-items-flex-start fusion-flex-content-wrap\" style=\"max-width:1248px;margin-left: calc(-4% \/ 2 );margin-right: calc(-4% \/ 2 );\"><div class=\"fusion-layout-column fusion_builder_column fusion-builder-column-0 fusion_builder_column_1_1 1_1 fusion-flex-column\" style=\"--awb-bg-size:cover;--awb-width-large:100%;--awb-margin-top-large:0px;--awb-spacing-right-large:2.88%;--awb-margin-bottom-large:0px;--awb-spacing-left-large:1.92%;--awb-width-medium:100%;--awb-spacing-right-medium:2.88%;--awb-spacing-left-medium:1.92%;--awb-width-small:100%;--awb-spacing-right-small:1.92%;--awb-spacing-left-small:1.92%;\"><div class=\"fusion-column-wrapper fusion-flex-justify-content-flex-start fusion-content-layout-column\"><div class=\"fusion-text fusion-text-1\"><p><strong>ICH\u2026<a href=\"https:\/\/citywalks-frankfurt.de\/wp-content\/uploads\/2022\/11\/WhatsApp-Image-2021-04-14-at-14.29.17-14.jpeg\"><img decoding=\"async\" class=\"wp-image-1943  alignright\" src=\"https:\/\/citywalks-frankfurt.de\/wp-content\/uploads\/2022\/11\/WhatsApp-Image-2021-04-14-at-14.29.17-14-225x300.jpeg\" alt=\"\" width=\"241\" height=\"321\" srcset=\"https:\/\/citywalks-frankfurt.de\/wp-content\/uploads\/2022\/11\/WhatsApp-Image-2021-04-14-at-14.29.17-14-200x267.jpeg 200w, https:\/\/citywalks-frankfurt.de\/wp-content\/uploads\/2022\/11\/WhatsApp-Image-2021-04-14-at-14.29.17-14-225x300.jpeg 225w, https:\/\/citywalks-frankfurt.de\/wp-content\/uploads\/2022\/11\/WhatsApp-Image-2021-04-14-at-14.29.17-14-400x533.jpeg 400w, https:\/\/citywalks-frankfurt.de\/wp-content\/uploads\/2022\/11\/WhatsApp-Image-2021-04-14-at-14.29.17-14-500x667.jpeg 500w, https:\/\/citywalks-frankfurt.de\/wp-content\/uploads\/2022\/11\/WhatsApp-Image-2021-04-14-at-14.29.17-14-600x800.jpeg 600w, https:\/\/citywalks-frankfurt.de\/wp-content\/uploads\/2022\/11\/WhatsApp-Image-2021-04-14-at-14.29.17-14-700x933.jpeg 700w, https:\/\/citywalks-frankfurt.de\/wp-content\/uploads\/2022\/11\/WhatsApp-Image-2021-04-14-at-14.29.17-14.jpeg 768w\" sizes=\"(max-width: 241px) 100vw, 241px\" \/><\/a><\/strong><br \/>\u2026 hei\u00dfe Tzehaie Semere.<br \/>Gepr\u00e4gt ist meine Biografie von einer Kriegs-, Flucht- und (Binnen)Migrationserfahrung, die in Eritrea beginnt und \u00fcber den Sudan in die Bundesrepublik f\u00fchrt. Sie setzt sich fort im l\u00e4ndlich gepr\u00e4gten Allg\u00e4u und f\u00fchrt \u00fcber eine Binnenmigration nach Hessen, zuerst bedingt durchs Studium der Studieng\u00e4nge Soziologie, Psychologie und Politikwissenschaften sowie P\u00e4dagogik nach Marburg und schlussendlich nach Frankfurt im Jahr 2007. Seit 2017 arbeite ich direkt in Frankfurt am Main. Diese Biografie macht mich zu einem Menschen mit globalen Identit\u00e4ten, welche mein Horizont vielfach blicken und erkennen l\u00e4sst.<\/p>\n<p><strong>\u2026ZEIG\u2018 DIR MAIN FRANKFURT:<\/strong><\/p>\n<p>Auf meinem Citywalk unweit des Hauptbahnhofs sichten und erleben Sie geradezu permanent und durch alle Ihre Sinne mein Habescha-Viertel. An drei ausgew\u00e4hlten Stationen und Zwischenstationen dieser Route zwischen Bahnhofs- und Gutleutviertel werden wir auf unz\u00e4hlige Anl\u00e4sse sto\u00dfen, die durch Ger\u00fcche, Kl\u00e4nge, Schriften, Menschen, vielf\u00e4ltige Gesch\u00e4fte und f\u00fcr mich besondere \u00d6rtlichkeiten kennzeichnen. Anhand dieser Eindr\u00fccke in diesem f\u00fcr mich besonderen st\u00e4dtischen Raum vermittele ich Ihnen kulturelle, soziale, \u00f6konomische, globale und politische Ankn\u00fcpfungspunkte, worin sich meine transnationale Biografie in Frankfurt\/ M kristallisiert.<\/p>\n<div style=\"background-color: #f7f6f6;\">\n<p><strong>Weitere Informationen:<\/strong><\/p>\n<ul>\n<li><strong>Dauer:<\/strong> ca. 1,5 Stunden<\/li>\n<li>Die Tour findet gr\u00f6\u00dftenteils an der frischen Luft und bei jedem Wetter statt. Denken Sie an wetterfeste Kleidung, ggf. einen Regenschirm und bequeme Schuhe.<\/li>\n<li><strong>Treff- und Endpunkt:<\/strong> Wir treffen uns 15 Minuten vor Beginn des Citywalks. Die Tour endet nicht dort, wo sie beginnt. Den genauen Treff- sowie Endpunkt erhalten Sie in der Buchungsbest\u00e4tigung.<\/li>\n<li><strong>Rollstuhl- und\/oder Kinderwagengerecht:<\/strong> Ja<\/li>\n<li><strong>Sprache:<\/strong> Deutsch<\/li>\n<li><strong>Mindestalter:<\/strong> Es gibt keine Altersbegrenzung f\u00fcr diesen Citywalk.<\/li>\n<\/ul>\n<blockquote>\n<p>Der Citywalk findet nur statt, wenn mindestens f\u00fcnf Personen teilnehmen. Sollte er nicht stattfinden, geben wir Ihnen sp\u00e4testens 24 Stunden vor Beginn Bescheid. Sie k\u00f6nnen dann einen Alternativtermin ausw\u00e4hlen oder erhalten Ihr Geld zur\u00fcck.<\/p>\n<\/blockquote>\n<\/div>\n<\/div><div ><a class=\"fusion-button button-flat fusion-button-default-size button-default fusion-button-default button-1 fusion-button-default-span fusion-button-default-type\" target=\"_self\" href=\"https:\/\/citywalks-frankfurt.de\/index.php\/kontakt\/\"><span class=\"fusion-button-text awb-button__text awb-button__text--default\">Bitte kontaktieren Sie uns f\u00fcr eine Gruppenf\u00fchrung<\/span><\/a><\/div><\/div><\/div><\/div><\/div>\n","protected":false},"excerpt":{"rendered":"","protected":false},"author":1,"featured_media":1946,"parent":0,"menu_order":0,"comment_status":"closed","ping_status":"closed","template":"","meta":{"_price":"","_stock":"","_tribe_ticket_header":"","_tribe_default_ticket_provider":"","_tribe_ticket_capacity":"0","_ticket_start_date":"","_ticket_end_date":"","_tribe_ticket_show_description":"","_tribe_ticket_show_not_going":false,"_tribe_ticket_use_global_stock":"","_tribe_ticket_global_stock_level":"","_global_stock_mode":"","_global_stock_cap":"","_tribe_rsvp_for_event":"","_tribe_ticket_going_count":"","_tribe_ticket_not_going_count":"","_tribe_tickets_list":"[]","_tribe_ticket_has_attendee_info_fields":false,"footnotes":""},"class_list":["post-1941","page","type-page","status-publish","has-post-thumbnail","hentry"],"_links":{"self":[{"href":"https:\/\/citywalks-frankfurt.de\/index.php\/wp-json\/wp\/v2\/pages\/1941","targetHints":{"allow":["GET"]}}],"collection":[{"href":"https:\/\/citywalks-frankfurt.de\/index.php\/wp-json\/wp\/v2\/pages"}],"about":[{"href":"https:\/\/citywalks-frankfurt.de\/index.php\/wp-json\/wp\/v2\/types\/page"}],"author":[{"embeddable":true,"href":"https:\/\/citywalks-frankfurt.de\/index.php\/wp-json\/wp\/v2\/users\/1"}],"replies":[{"embeddable":true,"href":"https:\/\/citywalks-frankfurt.de\/index.php\/wp-json\/wp\/v2\/comments?post=1941"}],"version-history":[{"count":9,"href":"https:\/\/citywalks-frankfurt.de\/index.php\/wp-json\/wp\/v2\/pages\/1941\/revisions"}],"predecessor-version":[{"id":2403,"href":"https:\/\/citywalks-frankfurt.de\/index.php\/wp-json\/wp\/v2\/pages\/1941\/revisions\/2403"}],"wp:featuredmedia":[{"embeddable":true,"href":"https:\/\/citywalks-frankfurt.de\/index.php\/wp-json\/wp\/v2\/media\/1946"}],"wp:attachment":[{"href":"https:\/\/citywalks-frankfurt.de\/index.php\/wp-json\/wp\/v2\/media?parent=1941"}],"curies":[{"name":"wp","href":"https:\/\/api.w.org\/{rel}","templated":true}]}}