{"id":1499,"date":"2022-04-21T02:07:39","date_gmt":"2022-04-21T00:07:39","guid":{"rendered":"https:\/\/citywalks-frankfurt.de\/?page_id=1499"},"modified":"2024-10-07T11:39:50","modified_gmt":"2024-10-07T09:39:50","slug":"mein-schoenes-altes-frankfurt","status":"publish","type":"page","link":"https:\/\/citywalks-frankfurt.de\/index.php\/mein-schoenes-altes-frankfurt\/","title":{"rendered":"Mein sch\u00f6nes altes Frankfurt"},"content":{"rendered":"<div class=\"fusion-fullwidth fullwidth-box fusion-builder-row-1 fusion-flex-container nonhundred-percent-fullwidth non-hundred-percent-height-scrolling\" style=\"--awb-border-radius-top-left:0px;--awb-border-radius-top-right:0px;--awb-border-radius-bottom-right:0px;--awb-border-radius-bottom-left:0px;--awb-flex-wrap:wrap;\" ><div class=\"fusion-builder-row fusion-row fusion-flex-align-items-flex-start fusion-flex-content-wrap\" style=\"max-width:1248px;margin-left: calc(-4% \/ 2 );margin-right: calc(-4% \/ 2 );\"><div class=\"fusion-layout-column fusion_builder_column fusion-builder-column-0 fusion_builder_column_1_1 1_1 fusion-flex-column\" style=\"--awb-bg-size:cover;--awb-width-large:100%;--awb-margin-top-large:0px;--awb-spacing-right-large:2.88%;--awb-margin-bottom-large:0px;--awb-spacing-left-large:1.92%;--awb-width-medium:100%;--awb-spacing-right-medium:2.88%;--awb-spacing-left-medium:1.92%;--awb-width-small:100%;--awb-spacing-right-small:1.92%;--awb-spacing-left-small:1.92%;\"><div class=\"fusion-column-wrapper fusion-flex-justify-content-flex-start fusion-content-layout-column\"><div class=\"fusion-text fusion-text-1\"><p><strong>ICH\u2026<a href=\"https:\/\/citywalks-frankfurt.de\/wp-content\/uploads\/2022\/03\/90832550_3096653933686152_7185129825466580992_n.jpeg\"><img decoding=\"async\" class=\"alignright wp-image-1108 size-fusion-200\" src=\"https:\/\/citywalks-frankfurt.de\/wp-content\/uploads\/2022\/03\/90832550_3096653933686152_7185129825466580992_n-200x202.jpeg\" alt=\"\" width=\"200\" height=\"202\" \/><\/a><\/strong><br \/>\nHei\u00dfe Philip Apenteng. Ich bin 65 Jahre alt und komme aus Ghana.<br \/>\nIch bin verheiratet und habe zwei erwachsene Kinder. Auch wenn ich in Hanau lebe, habe ich mein ganzes Berufsleben in Frankfurt\/M. verbracht.<\/p>\n<p><strong>\u2026ZEIG\u2018 DIR MAIN FRANKFURT:<\/strong><br \/>\nAls \u201eBerufsfrankfurter\u201c nehme ich Sie mit auf eine Tour durch den Frankfurter Osten vom Zoo bis zum Dom. Wir kreuzen dabei viele Orte, die f\u00fcr mich als Arbeits- wie Freizeitst\u00e4tten gro\u00dfe Bedeutung haben. Hier liegen meine beruflichen Wurzeln wie pers\u00f6nlich nahe Kontakte und Orte der Begegnung. Hier habe ich Ausgrenzung und Diskriminierung erfahren, aber vielmehr auch Solidarit\u00e4t und Gestaltungsspielraum f\u00fcr mein musikalisches, pers\u00f6nliches und kirchliches Engagement.<br \/>\nLassen Sie sich an f\u00fcnf Stationen inspirieren und ganz nebenbei auch begeistern f\u00fcr Bauten und Denkm\u00e4ler, die mir am Herzen liegen und zu denen ich pers\u00f6nliche Bez\u00fcge habe.<\/p>\n<\/div><div ><a class=\"fusion-button button-flat fusion-button-default-size button-default fusion-button-default button-1 fusion-button-default-span fusion-button-default-type\" target=\"_self\" href=\"https:\/\/citywalks-frankfurt.de\/index.php\/kontakt\/\"><span class=\"fusion-button-text awb-button__text awb-button__text--default\">Bitte kontaktieren Sie uns f\u00fcr eine Gruppenf\u00fchrung<\/span><\/a><\/div><\/div><\/div><\/div><\/div>\n","protected":false},"excerpt":{"rendered":"","protected":false},"author":1,"featured_media":0,"parent":0,"menu_order":0,"comment_status":"closed","ping_status":"closed","template":"","meta":{"_price":"","_stock":"","_tribe_ticket_header":"","_tribe_default_ticket_provider":"","_tribe_ticket_capacity":"0","_ticket_start_date":"","_ticket_end_date":"","_tribe_ticket_show_description":"","_tribe_ticket_show_not_going":false,"_tribe_ticket_use_global_stock":"","_tribe_ticket_global_stock_level":"","_global_stock_mode":"","_global_stock_cap":"","_tribe_rsvp_for_event":"","_tribe_ticket_going_count":"","_tribe_ticket_not_going_count":"","_tribe_tickets_list":"[]","_tribe_ticket_has_attendee_info_fields":false,"footnotes":""},"class_list":["post-1499","page","type-page","status-publish","hentry"],"_links":{"self":[{"href":"https:\/\/citywalks-frankfurt.de\/index.php\/wp-json\/wp\/v2\/pages\/1499","targetHints":{"allow":["GET"]}}],"collection":[{"href":"https:\/\/citywalks-frankfurt.de\/index.php\/wp-json\/wp\/v2\/pages"}],"about":[{"href":"https:\/\/citywalks-frankfurt.de\/index.php\/wp-json\/wp\/v2\/types\/page"}],"author":[{"embeddable":true,"href":"https:\/\/citywalks-frankfurt.de\/index.php\/wp-json\/wp\/v2\/users\/1"}],"replies":[{"embeddable":true,"href":"https:\/\/citywalks-frankfurt.de\/index.php\/wp-json\/wp\/v2\/comments?post=1499"}],"version-history":[{"count":17,"href":"https:\/\/citywalks-frankfurt.de\/index.php\/wp-json\/wp\/v2\/pages\/1499\/revisions"}],"predecessor-version":[{"id":2404,"href":"https:\/\/citywalks-frankfurt.de\/index.php\/wp-json\/wp\/v2\/pages\/1499\/revisions\/2404"}],"wp:attachment":[{"href":"https:\/\/citywalks-frankfurt.de\/index.php\/wp-json\/wp\/v2\/media?parent=1499"}],"curies":[{"name":"wp","href":"https:\/\/api.w.org\/{rel}","templated":true}]}}