{"id":1171,"date":"2022-04-07T18:53:39","date_gmt":"2022-04-07T16:53:39","guid":{"rendered":"https:\/\/citywalker-frankfurt.de\/index.php\/tickets-checkout\/"},"modified":"2022-04-18T22:58:02","modified_gmt":"2022-04-18T20:58:02","slug":"tickets-checkout","status":"publish","type":"page","link":"https:\/\/citywalks-frankfurt.de\/index.php\/tickets-checkout\/","title":{"rendered":"Buchungsabschluss"},"content":{"rendered":"<link rel='stylesheet' id='tec-variables-skeleton-css' href='https:\/\/citywalks-frankfurt.de\/wp-content\/plugins\/event-tickets\/common\/build\/css\/variables-skeleton.css?ver=6.10.0' type='text\/css' media='all' \/>\n<link rel='stylesheet' id='tribe-common-skeleton-style-css' href='https:\/\/citywalks-frankfurt.de\/wp-content\/plugins\/event-tickets\/common\/build\/css\/common-skeleton.css?ver=6.10.0' type='text\/css' media='all' \/>\n<link rel='stylesheet' id='tec-variables-full-css' href='https:\/\/citywalks-frankfurt.de\/wp-content\/plugins\/event-tickets\/common\/build\/css\/variables-full.css?ver=6.10.0' type='text\/css' media='all' \/>\n<link rel='stylesheet' id='tribe-common-full-style-css' href='https:\/\/citywalks-frankfurt.de\/wp-content\/plugins\/event-tickets\/common\/build\/css\/common-full.css?ver=6.10.0' type='text\/css' media='all' \/>\n<link rel='stylesheet' id='tribe-common-responsive-css' href='https:\/\/citywalks-frankfurt.de\/wp-content\/plugins\/event-tickets\/build\/css\/common-responsive.css?ver=5.27.0' type='text\/css' media='all' \/>\n<link rel='stylesheet' id='tribe-tickets-commerce-style-css' href='https:\/\/citywalks-frankfurt.de\/wp-content\/plugins\/event-tickets\/build\/css\/tickets-commerce.css?ver=5.27.0' type='text\/css' media='all' \/>\n<link rel='stylesheet' id='tribe-tickets-commerce-stripe-style-css' href='https:\/\/citywalks-frankfurt.de\/wp-content\/plugins\/event-tickets\/build\/css\/tickets-commerce\/gateway\/stripe.css?ver=5.27.0' type='text\/css' media='all' \/>\n<link rel='stylesheet' id='tribe-tickets-commerce-free-style-css' href='https:\/\/citywalks-frankfurt.de\/wp-content\/plugins\/event-tickets\/build\/css\/tickets-commerce\/gateway\/free.css?ver=5.27.0' type='text\/css' media='all' \/>\n<link rel='stylesheet' id='tribe-tickets-commerce-paypal-style-css' href='https:\/\/citywalks-frankfurt.de\/wp-content\/plugins\/event-tickets\/build\/css\/tickets-commerce\/gateway\/paypal.css?ver=5.27.0' type='text\/css' media='all' \/>\n<div class=\"tribe-common event-tickets\">\n\t<section\n\t\tclass=\"tribe-tickets__commerce-checkout\"\n\t\t data-js=\"tec-tickets-commerce-notice\" data-notice-default-title=\"Bezahlvorgang leider nicht m\u00f6glich!\" data-notice-default-content=\"Der Zahlungsvorgangs ist leider derzeit nicht m\u00f6glich, da die gew\u00e4hlte Zahlungsart noch nicht zur Verf\u00fcgung steht. Bitte wende dich an den Administrator.\" \t>\n\t\t<input type=\"hidden\" id=\"tec-tc-checkout-nonce\" name=\"tec-tc-checkout-nonce\" value=\"c6a2c176cf\" \/><input type=\"hidden\" name=\"_wp_http_referer\" value=\"\/index.php\/wp-json\/wp\/v2\/pages\/1171\" \/>\t\t<header class=\"tribe-tickets__commerce-checkout-header\">\n\t<h3 class=\"tribe-common-h2 tribe-tickets__commerce-checkout-header-title\">\n\tTickets kaufen<\/h3>\n\t<\/header>\n\t\t\t\t<div  class=\"tribe-tickets-loader__dots tribe-common-c-loader tribe-common-a11y-hidden\" >\n\t<svg\n\t class=\"tribe-common-c-svgicon tribe-common-c-svgicon--dot tribe-common-c-loader__dot tribe-common-c-loader__dot--first\" \taria-hidden=\"true\"\n\tviewBox=\"0 0 15 15\"\n\txmlns=\"http:\/\/www.w3.org\/2000\/svg\"\n>\n\t<circle cx=\"7.5\" cy=\"7.5\" r=\"7.5\"\/>\n<\/svg>\n\t<svg\n\t class=\"tribe-common-c-svgicon tribe-common-c-svgicon--dot tribe-common-c-loader__dot tribe-common-c-loader__dot--second\" \taria-hidden=\"true\"\n\tviewBox=\"0 0 15 15\"\n\txmlns=\"http:\/\/www.w3.org\/2000\/svg\"\n>\n\t<circle cx=\"7.5\" cy=\"7.5\" r=\"7.5\"\/>\n<\/svg>\n\t<svg\n\t class=\"tribe-common-c-svgicon tribe-common-c-svgicon--dot tribe-common-c-loader__dot tribe-common-c-loader__dot--third\" \taria-hidden=\"true\"\n\tviewBox=\"0 0 15 15\"\n\txmlns=\"http:\/\/www.w3.org\/2000\/svg\"\n>\n\t<circle cx=\"7.5\" cy=\"7.5\" r=\"7.5\"\/>\n<\/svg>\n<\/div>\n\t\t<div id=\"\"  class=\"tribe-tickets__notice tribe-tickets__notice--error tribe-tickets__commerce-checkout-notice\" >\n\t\t\t<h3 class=\"tribe-common-h7 tribe-tickets-notice__title\">Fehler beim Bezahlvorgang!<\/h3>\n\t\n\t<div  class=\"tribe-common-b2 tribe-tickets-notice__content tribe-tickets__commerce-checkout-notice-content\" >\n\t\tEtwas ist schief gelaufen!\t<\/div>\n<\/div>\n\t\t<div class=\"tribe-tickets__commerce-checkout-cart-empty\">\n\t<h3 class=\"tribe-common-h3 tribe-tickets__commerce-checkout-cart-empty-title\">\n\tHoppla, keine Tickets!<\/h3>\n\t<div class=\"tribe-common-b1 tribe-tickets__commerce-checkout-cart-empty-description\">\n\tBitte <a href=\"https:\/\/citywalks-frankfurt.de\/events\/\" class=\"tribe-common-anchor-alt tribe-tickets__commerce-checkout-cart-empty-description-link\">w\u00e4hlen Veranstaltungen aus<\/a> and f\u00fcgen Tickets zum Bestellen hinzu.<\/div>\n<\/div>\n\t\t\t\t\t\t<footer class=\"tribe-tickets__commerce-checkout-footer\">\n\t<\/footer>\n\t\t\t<\/section>\n<\/div>\n\n","protected":false},"excerpt":{"rendered":"","protected":false},"author":1,"featured_media":0,"parent":0,"menu_order":0,"comment_status":"closed","ping_status":"closed","template":"","meta":{"_price":"","_stock":"","_tribe_ticket_header":"","_tribe_default_ticket_provider":"","_tribe_ticket_capacity":"0","_ticket_start_date":"","_ticket_end_date":"","_tribe_ticket_show_description":"","_tribe_ticket_show_not_going":false,"_tribe_ticket_use_global_stock":"","_tribe_ticket_global_stock_level":"","_global_stock_mode":"","_global_stock_cap":"","_tribe_rsvp_for_event":"","_tribe_ticket_going_count":"","_tribe_ticket_not_going_count":"","_tribe_tickets_list":"[]","_tribe_ticket_has_attendee_info_fields":false,"footnotes":""},"class_list":["post-1171","page","type-page","status-publish","hentry"],"_links":{"self":[{"href":"https:\/\/citywalks-frankfurt.de\/index.php\/wp-json\/wp\/v2\/pages\/1171","targetHints":{"allow":["GET"]}}],"collection":[{"href":"https:\/\/citywalks-frankfurt.de\/index.php\/wp-json\/wp\/v2\/pages"}],"about":[{"href":"https:\/\/citywalks-frankfurt.de\/index.php\/wp-json\/wp\/v2\/types\/page"}],"author":[{"embeddable":true,"href":"https:\/\/citywalks-frankfurt.de\/index.php\/wp-json\/wp\/v2\/users\/1"}],"replies":[{"embeddable":true,"href":"https:\/\/citywalks-frankfurt.de\/index.php\/wp-json\/wp\/v2\/comments?post=1171"}],"version-history":[{"count":1,"href":"https:\/\/citywalks-frankfurt.de\/index.php\/wp-json\/wp\/v2\/pages\/1171\/revisions"}],"predecessor-version":[{"id":1390,"href":"https:\/\/citywalks-frankfurt.de\/index.php\/wp-json\/wp\/v2\/pages\/1171\/revisions\/1390"}],"wp:attachment":[{"href":"https:\/\/citywalks-frankfurt.de\/index.php\/wp-json\/wp\/v2\/media?parent=1171"}],"curies":[{"name":"wp","href":"https:\/\/api.w.org\/{rel}","templated":true}]}}